{"id":278,"date":"2018-05-01T16:01:20","date_gmt":"2018-05-01T16:01:20","guid":{"rendered":"http:\/\/solonick.webredox.net\/?page_id=278"},"modified":"2023-02-02T06:49:38","modified_gmt":"2023-02-02T06:49:38","slug":"iletisim","status":"publish","type":"page","link":"https:\/\/torsforging.com\/en\/iletisim\/","title":{"rendered":"Contact Us"},"content":{"rendered":"<section class=\"wpb-content-wrapper\"><div class=\"clear\"><\/div><section class=\"\" data-scrollax-parent=\"true\" ><div class=\"clear\"><\/div><div class=\"section-subtitle\"  data-scrollax=\"properties: { translateY: '-250px' }\" >Contact Us<span>\/\/<\/span>  <\/div><div class=\"clear\"><\/div><div class=\"clear\"><\/div><div class=\"clear\"><\/div><div class='container'><div class=\"clear\"><\/div><div class='row'><div class=\"clear\"><\/div><div class=\"wpb_column vc_column_container vc_col-sm-12\"><div class=\"vc_column-inner\"><div class=\"wpb_wrapper\"><div class=\"vc_row wpb_row vc_inner vc_row-fluid\"><div class=\"wpb_column vc_column_container vc_col-sm-3\"><div class=\"vc_column-inner\"><div class=\"wpb_wrapper\"><div class=\"fl-wrap  mar-bottom mar-top\"><div class=\"pr-title fl-wrap\"><h3>Contact Details<\/h3><span><\/span><\/div><\/div><\/div><\/div><\/div><div class=\"wpb_column vc_column_container vc_col-sm-3\"><div class=\"vc_column-inner\"><div class=\"wpb_wrapper\"><div class=\"mar-top mar-bottom\"><div class=\"features-box-container single-serv fl-wrap\"><div class=\"features-box\"><div class=\"time-line-icon\">\n                   <i class=\"fal fa-compass\"><\/i>\n                   <\/div><h3>01. Address<\/h3>Horozluhan Mh. Hisark\u00f6y Sk. No:38 Sel\u00e7uklu\/KONYA<\/div><\/div><\/div><\/div><\/div><\/div><div class=\"wpb_column vc_column_container vc_col-sm-3\"><div class=\"vc_column-inner\"><div class=\"wpb_wrapper\"><div class=\"mar-top mar-bottom\"><div class=\"features-box-container single-serv fl-wrap\"><div class=\"features-box\"><div class=\"time-line-icon\">\n                   <i class=\"fal fa-mobile-android\"><\/i>\n                   <\/div><h3>02. Phone<\/h3>+90 332 251 78 20<br \/>\n+90 332 251 78 21<\/div><\/div><\/div><\/div><\/div><\/div><div class=\"wpb_column vc_column_container vc_col-sm-3\"><div class=\"vc_column-inner\"><div class=\"wpb_wrapper\"><div class=\"mar-top mar-bottom\"><div class=\"features-box-container single-serv fl-wrap\"><div class=\"features-box\"><div class=\"time-line-icon\">\n                   <i class=\"fal fa-envelope-open\"><\/i>\n                   <\/div><h3>03. Email<\/h3>\ninfo@torsforging.com<\/div><\/div><\/div><\/div><\/div><\/div><\/div><div class=\"vc_row wpb_row vc_inner vc_row-fluid\"><div class=\"wpb_column vc_column_container vc_col-sm-12\"><div class=\"vc_column-inner\"><div class=\"wpb_wrapper\">\n\t<div class=\"wpb_text_column wpb_content_element\" >\n\t\t<div class=\"wpb_wrapper\">\n\t\t\t<p><iframe loading=\"lazy\" style=\"border: 0;\" src=\"https:\/\/www.google.com\/maps\/embed?pb=!1m18!1m12!1m3!1d3147.6468856994184!2d32.55483861532168!3d37.91531557973417!2m3!1f0!2f0!3f0!3m2!1i1024!2i768!4f13.1!3m3!1m2!1s0x14d090342a557b27%3A0x9398a6f605d55045!2sFevzi%C3%A7akmak%2C%20Asl%C4%B1m%20Cd.%20No%3A40%2C%2042050%20Karatay%2FKonya!5e0!3m2!1str!2str!4v1668669723106!5m2!1str!2str\" width=\"1400\" height=\"650\" allowfullscreen=\"allowfullscreen\"><\/iframe><\/p>\n\n\t\t<\/div>\n\t<\/div>\n<\/div><\/div><\/div><\/div><div class=\"vc_row wpb_row vc_inner vc_row-fluid vc_custom_1668670228187\"><div class=\"wpb_column vc_column_container vc_col-sm-3\"><div class=\"vc_column-inner\"><div class=\"wpb_wrapper\"><div class=\"fl-wrap  mar-bottom mar-top\"><div class=\"pr-title fl-wrap\"><h3>Contact Form<\/h3><span><\/span><\/div><\/div><\/div><\/div><\/div><div class=\"wpb_column vc_column_container vc_col-sm-7\"><div class=\"vc_column-inner\"><div class=\"wpb_wrapper\">\n\t<div class=\"wpb_text_column wpb_content_element\" >\n\t\t<div class=\"wpb_wrapper\">\n\t\t\t<p style=\"text-align: left;\"><div class=\"forminator-ui forminator-custom-form forminator-custom-form-548 forminator-design--material  forminator_ajax\" data-forminator-render=\"0\" data-form=\"forminator-module-548\" data-uid=\"69f2358c2e3c5\"><br\/><\/div><form\n\t\t\t\tid=\"forminator-module-548\"\n\t\t\t\tclass=\"forminator-ui forminator-custom-form forminator-custom-form-548 forminator-design--material  forminator_ajax\"\n\t\t\t\tmethod=\"post\"\n\t\t\t\tdata-forminator-render=\"0\"\n\t\t\t\tdata-form-id=\"548\"\n\t\t\t\t\n\t\t\t\tdata-design=\"material\"\n\t\t\t\t\n\t\t\t\t\n\t\t\t\t\n\t\t\t\tdata-grid=\"open\"\n\t\t\t\t\n\t\t\t\t\n\t\t\t\tstyle=\"display: none;\"\n\t\t\t\t\n\t\t\t\tdata-uid=\"69f2358c2e3c5\" action=\"\"\n\t\t\t><div class=\"forminator-response-message forminator-error\" aria-hidden=\"true\"><\/div><div class=\"forminator-row\"><div id=\"name-1\" class=\"forminator-col forminator-col-12\"><div class=\"forminator-field\"><label for=\"forminator-field-name-1_69f2358c2e3c5\" class=\"forminator-label\">Name <span class=\"forminator-required\">*<\/span><\/label><input type=\"text\" name=\"name-1\" value=\"\" placeholder=\"Name\" id=\"forminator-field-name-1_69f2358c2e3c5\" class=\"forminator-input forminator-name--field\" aria-required=\"true\" \/><\/div><\/div><\/div><div class=\"forminator-row\"><div id=\"email-1\" class=\"forminator-col forminator-col-12\"><div class=\"forminator-field\"><label for=\"forminator-field-email-1_69f2358c2e3c5\" class=\"forminator-label\">E-mail: <span class=\"forminator-required\">*<\/span><\/label><input type=\"email\" name=\"email-1\" value=\"\" placeholder=\"E-mail:\" id=\"forminator-field-email-1_69f2358c2e3c5\" class=\"forminator-input forminator-email--field\" data-required=\"true\" aria-required=\"true\" \/><\/div><\/div><\/div><div class=\"forminator-row\"><div id=\"phone-1\" class=\"forminator-col forminator-col-12\"><div class=\"forminator-field\"><label for=\"forminator-field-phone-1_69f2358c2e3c5\" class=\"forminator-label\">Tel:<\/label><input type=\"text\" name=\"phone-1\" value=\"\" placeholder=\"Tel:\" id=\"forminator-field-phone-1_69f2358c2e3c5\" class=\"forminator-input forminator-field--phone\" data-required=\"\" aria-required=\"false\" autocomplete=\"off\" \/><\/div><\/div><\/div><div class=\"forminator-row\"><div id=\"textarea-1\" class=\"forminator-col forminator-col-12\"><div class=\"forminator-field\"><label for=\"forminator-field-textarea-1_69f2358c2e3c5\" class=\"forminator-label\">Message<\/label><textarea name=\"textarea-1\" placeholder=\"Enter your message...\" id=\"forminator-field-textarea-1_69f2358c2e3c5\" class=\"forminator-textarea\" rows=\"6\" style=\"min-height:140px;\" maxlength=\"180\" ><\/textarea><span id=\"forminator-field-textarea-1_69f2358c2e3c5-description\" class=\"forminator-description\"><span data-limit=\"180\" data-type=\"characters\">0 \/ 180<\/span><\/span><\/div><\/div><\/div><input type=\"hidden\" name=\"referer_url\" value=\"\" \/><div class=\"forminator-row forminator-row-last\"><div class=\"forminator-col\"><div class=\"forminator-field\"><button class=\"forminator-button forminator-button-submit\"><span>Send<\/span><span aria-hidden=\"true\"><\/span><\/button><\/div><\/div><\/div><input type=\"hidden\" id=\"forminator_nonce\" name=\"forminator_nonce\" value=\"2d4def9cf6\" \/><input type=\"hidden\" name=\"_wp_http_referer\" value=\"\/en\/wp-json\/wp\/v2\/pages\/278\" \/><input type=\"hidden\" name=\"form_id\" value=\"548\"><input type=\"hidden\" name=\"page_id\" value=\"278\"><input type=\"hidden\" name=\"form_type\" value=\"default\"><input type=\"hidden\" name=\"current_url\" value=\"https:\/\/torsforging.com\/en\/iletisim\/\"><input type=\"hidden\" name=\"render_id\" value=\"0\"><input type=\"hidden\" name=\"action\" value=\"forminator_submit_form_custom-forms\"><input type=\"hidden\" name=\"trp-form-language\" value=\"en\"\/><\/form><\/p>\n\n\t\t<\/div>\n\t<\/div>\n<\/div><\/div><\/div><\/div><\/div><\/div><\/div><\/div> <\/div> <div class=\"bg-parallax-module\" data-position-top=\"90\"  data-position-left=\"25\" data-scrollax=\"properties: { translateY: '-250px' }\"><\/div>\n                        <div class=\"bg-parallax-module\" data-position-top=\"70\"  data-position-left=\"70\" data-scrollax=\"properties: { translateY: '150px' }\"><\/div> <div class='sec-lines'><\/div><\/section>\n<\/section>","protected":false},"excerpt":{"rendered":"\u0130leti\u015fim\/\/ \u0130leti\u015fim Bilgileri 01. AdresHorozluhan Mh. Hisark\u00f6y Sk. No:38 Sel\u00e7uklu\/KONYA 02. Telefon+90 332 251 78 20 +90 332 251 78 21 03. E-posta info@torsforging.com \u0130leti\u015fim Formu \u0130sminiz *E-posta Adresiniz *Telefon Numaran\u0131zMesaj\u0131n\u0131z0 \/ 180Mesaj G&ouml;nder","protected":false},"author":1,"featured_media":670,"parent":0,"menu_order":0,"comment_status":"closed","ping_status":"closed","template":"","meta":{"footnotes":""},"class_list":["post-278","page","type-page","status-publish","has-post-thumbnail","hentry"],"_links":{"self":[{"href":"https:\/\/torsforging.com\/en\/wp-json\/wp\/v2\/pages\/278","targetHints":{"allow":["GET"]}}],"collection":[{"href":"https:\/\/torsforging.com\/en\/wp-json\/wp\/v2\/pages"}],"about":[{"href":"https:\/\/torsforging.com\/en\/wp-json\/wp\/v2\/types\/page"}],"author":[{"embeddable":true,"href":"https:\/\/torsforging.com\/en\/wp-json\/wp\/v2\/users\/1"}],"replies":[{"embeddable":true,"href":"https:\/\/torsforging.com\/en\/wp-json\/wp\/v2\/comments?post=278"}],"version-history":[{"count":7,"href":"https:\/\/torsforging.com\/en\/wp-json\/wp\/v2\/pages\/278\/revisions"}],"predecessor-version":[{"id":798,"href":"https:\/\/torsforging.com\/en\/wp-json\/wp\/v2\/pages\/278\/revisions\/798"}],"wp:featuredmedia":[{"embeddable":true,"href":"https:\/\/torsforging.com\/en\/wp-json\/wp\/v2\/media\/670"}],"wp:attachment":[{"href":"https:\/\/torsforging.com\/en\/wp-json\/wp\/v2\/media?parent=278"}],"curies":[{"name":"wp","href":"https:\/\/api.w.org\/{rel}","templated":true}]}}